
{"id":992,"date":"2022-07-04T10:30:10","date_gmt":"2022-07-04T08:30:10","guid":{"rendered":"https:\/\/shop.tinesandreeds.com\/?post_type=product&#038;p=992"},"modified":"2022-11-20T12:12:58","modified_gmt":"2022-11-20T11:12:58","slug":"stellfuesse","status":"publish","type":"product","link":"https:\/\/shop.tinesandreeds.com\/eng\/product\/stellfuesse\/","title":{"rendered":"Stellf\u00fc\u00dfe"},"content":{"rendered":"<p>Stellf\u00fc\u00dfe f\u00fcr Rhodes Sustain Pedal und Hinterf\u00fc\u00dfe<\/p>","protected":false},"excerpt":{"rendered":"<p>Stellf\u00fc\u00dfe f\u00fcr Rhodes Sustain Pedal und Hinterf\u00fc\u00dfe<\/p>","protected":false},"featured_media":1181,"comment_status":"open","ping_status":"closed","template":"","meta":{"_acf_changed":false,"footnotes":""},"product_brand":[],"product_cat":[31,63],"product_tag":[],"class_list":{"0":"post-992","1":"product","2":"type-product","3":"status-publish","4":"has-post-thumbnail","6":"product_cat-rhodes-mechanik","7":"product_cat-rhodes","9":"first","10":"instock","11":"taxable","12":"shipping-taxable","13":"purchasable","14":"product-type-variable","15":"has-default-attributes"},"acf":[],"jetpack_sharing_enabled":true,"_links":{"self":[{"href":"https:\/\/shop.tinesandreeds.com\/eng\/wp-json\/wp\/v2\/product\/992","targetHints":{"allow":["GET"]}}],"collection":[{"href":"https:\/\/shop.tinesandreeds.com\/eng\/wp-json\/wp\/v2\/product"}],"about":[{"href":"https:\/\/shop.tinesandreeds.com\/eng\/wp-json\/wp\/v2\/types\/product"}],"replies":[{"embeddable":true,"href":"https:\/\/shop.tinesandreeds.com\/eng\/wp-json\/wp\/v2\/comments?post=992"}],"version-history":[{"count":1,"href":"https:\/\/shop.tinesandreeds.com\/eng\/wp-json\/wp\/v2\/product\/992\/revisions"}],"predecessor-version":[{"id":1177,"href":"https:\/\/shop.tinesandreeds.com\/eng\/wp-json\/wp\/v2\/product\/992\/revisions\/1177"}],"wp:featuredmedia":[{"embeddable":true,"href":"https:\/\/shop.tinesandreeds.com\/eng\/wp-json\/wp\/v2\/media\/1181"}],"wp:attachment":[{"href":"https:\/\/shop.tinesandreeds.com\/eng\/wp-json\/wp\/v2\/media?parent=992"}],"wp:term":[{"taxonomy":"product_brand","embeddable":true,"href":"https:\/\/shop.tinesandreeds.com\/eng\/wp-json\/wp\/v2\/product_brand?post=992"},{"taxonomy":"product_cat","embeddable":true,"href":"https:\/\/shop.tinesandreeds.com\/eng\/wp-json\/wp\/v2\/product_cat?post=992"},{"taxonomy":"product_tag","embeddable":true,"href":"https:\/\/shop.tinesandreeds.com\/eng\/wp-json\/wp\/v2\/product_tag?post=992"}],"curies":[{"name":"wp","href":"https:\/\/api.w.org\/{rel}","templated":true}]}}