
{"id":448,"date":"2021-05-27T20:31:16","date_gmt":"2021-05-27T18:31:16","guid":{"rendered":"https:\/\/shop.tinesandreeds.com\/?post_type=product&#038;p=448"},"modified":"2022-11-20T12:13:39","modified_gmt":"2022-11-20T11:13:39","slug":"harp-frame-schraube","status":"publish","type":"product","link":"https:\/\/shop.tinesandreeds.com\/eng\/product\/harp-frame-schraube\/","title":{"rendered":"Harp Frame Screw &amp; Washer"},"content":{"rendered":"<p style=\"text-align: justify;\">You know what? These screws are always bent and \/ or rusty. Enough with that. Replace them with these brand new screws. Bended screws can easily lead to a deformation of the keyframe and move the keys too far to the front so that they will get stuck there.<\/p>\n<p>These screws and washers are original parts made from stainless steel.<\/p>","protected":false},"excerpt":{"rendered":"<p>Aus unserer Erfahrung heraus k\u00f6nnen wir sagen: Diese Schrauben sind eigentlich immer verbogen! Ein Grund sie zu erneuern. Verbogene Schrauben f\u00fchren in der Regel zu einem Verzug des Tastenbetts, sodass die Tasten zu nah an die Frontleiste gezogen werden. Das f\u00fchrt dazu, dass die Tasten dort h\u00e4ngen bleiben. Diese Schrauben und Rosetten sind neue Originalteile [&hellip;]<\/p>\n","protected":false},"featured_media":443,"comment_status":"open","ping_status":"closed","template":"","meta":{"_acf_changed":false,"footnotes":""},"product_brand":[],"product_cat":[31,63],"product_tag":[],"class_list":{"0":"post-448","1":"product","2":"type-product","3":"status-publish","4":"has-post-thumbnail","6":"product_cat-rhodes-mechanik","7":"product_cat-rhodes","9":"first","10":"instock","11":"taxable","12":"shipping-taxable","13":"purchasable","14":"product-type-variable","15":"has-default-attributes"},"acf":[],"jetpack_sharing_enabled":true,"_links":{"self":[{"href":"https:\/\/shop.tinesandreeds.com\/eng\/wp-json\/wp\/v2\/product\/448","targetHints":{"allow":["GET"]}}],"collection":[{"href":"https:\/\/shop.tinesandreeds.com\/eng\/wp-json\/wp\/v2\/product"}],"about":[{"href":"https:\/\/shop.tinesandreeds.com\/eng\/wp-json\/wp\/v2\/types\/product"}],"replies":[{"embeddable":true,"href":"https:\/\/shop.tinesandreeds.com\/eng\/wp-json\/wp\/v2\/comments?post=448"}],"version-history":[{"count":1,"href":"https:\/\/shop.tinesandreeds.com\/eng\/wp-json\/wp\/v2\/product\/448\/revisions"}],"predecessor-version":[{"id":549,"href":"https:\/\/shop.tinesandreeds.com\/eng\/wp-json\/wp\/v2\/product\/448\/revisions\/549"}],"wp:featuredmedia":[{"embeddable":true,"href":"https:\/\/shop.tinesandreeds.com\/eng\/wp-json\/wp\/v2\/media\/443"}],"wp:attachment":[{"href":"https:\/\/shop.tinesandreeds.com\/eng\/wp-json\/wp\/v2\/media?parent=448"}],"wp:term":[{"taxonomy":"product_brand","embeddable":true,"href":"https:\/\/shop.tinesandreeds.com\/eng\/wp-json\/wp\/v2\/product_brand?post=448"},{"taxonomy":"product_cat","embeddable":true,"href":"https:\/\/shop.tinesandreeds.com\/eng\/wp-json\/wp\/v2\/product_cat?post=448"},{"taxonomy":"product_tag","embeddable":true,"href":"https:\/\/shop.tinesandreeds.com\/eng\/wp-json\/wp\/v2\/product_tag?post=448"}],"curies":[{"name":"wp","href":"https:\/\/api.w.org\/{rel}","templated":true}]}}