
{"id":1164,"date":"2022-07-13T20:06:14","date_gmt":"2022-07-13T18:06:14","guid":{"rendered":"https:\/\/shop.tinesandreeds.com\/?post_type=product&#038;p=1164"},"modified":"2023-08-18T16:51:28","modified_gmt":"2023-08-18T14:51:28","slug":"sidetwix-stromversorgung","status":"publish","type":"product","link":"https:\/\/shop.tinesandreeds.com\/eng\/product\/sidetwix-stromversorgung\/","title":{"rendered":"Rhodes Preamp PSU"},"content":{"rendered":"<p><strong>SideTwix<\/strong> is a power supply for all 5pin Rhodes Suitcase preamps. Furthermore it\u2019s a great\naddition to our <span style=\"text-decoration: underline;\"><a href=\"https:\/\/shop.tinesandreeds.com\/eng\/product\/mark-ii-preamp\/\"><strong>Suitcase Preamp<\/strong><\/a><\/span>.<\/p>\n<p><strong>SideTwix<\/strong> comes with a headphone amplifier and can easily be mounted to the Rhodes piano\nwith the enclosed bracket.<\/p>\n<p>&nbsp;<\/p>","protected":false},"excerpt":{"rendered":"<p>SideTwix ist eine Stromversorgung f\u00fcr alle 5pin Rhodes Suitcase Vorverst\u00e4rker. Er ist eine ideale Erg\u00e4nzung zu unserem Suitcase Preamp. SideTwix verf\u00fcgt \u00fcber einen Kopfh\u00f6rerverst\u00e4rker und kann dank des beiliegenden Metallwinkels ganz leicht an der Seite des Rhodes eingeh\u00e4ngt werden. &nbsp;<\/p>","protected":false},"featured_media":1184,"comment_status":"open","ping_status":"closed","template":"","meta":{"_acf_changed":false,"footnotes":""},"product_brand":[],"product_cat":[33,63],"product_tag":[],"class_list":{"0":"post-1164","1":"product","2":"type-product","3":"status-publish","4":"has-post-thumbnail","6":"product_cat-rhodes-elektronik","7":"product_cat-rhodes","9":"first","10":"instock","11":"taxable","12":"shipping-taxable","13":"purchasable","14":"product-type-variable","15":"has-default-attributes"},"acf":[],"jetpack_sharing_enabled":true,"_links":{"self":[{"href":"https:\/\/shop.tinesandreeds.com\/eng\/wp-json\/wp\/v2\/product\/1164","targetHints":{"allow":["GET"]}}],"collection":[{"href":"https:\/\/shop.tinesandreeds.com\/eng\/wp-json\/wp\/v2\/product"}],"about":[{"href":"https:\/\/shop.tinesandreeds.com\/eng\/wp-json\/wp\/v2\/types\/product"}],"replies":[{"embeddable":true,"href":"https:\/\/shop.tinesandreeds.com\/eng\/wp-json\/wp\/v2\/comments?post=1164"}],"version-history":[{"count":1,"href":"https:\/\/shop.tinesandreeds.com\/eng\/wp-json\/wp\/v2\/product\/1164\/revisions"}],"predecessor-version":[{"id":1165,"href":"https:\/\/shop.tinesandreeds.com\/eng\/wp-json\/wp\/v2\/product\/1164\/revisions\/1165"}],"wp:featuredmedia":[{"embeddable":true,"href":"https:\/\/shop.tinesandreeds.com\/eng\/wp-json\/wp\/v2\/media\/1184"}],"wp:attachment":[{"href":"https:\/\/shop.tinesandreeds.com\/eng\/wp-json\/wp\/v2\/media?parent=1164"}],"wp:term":[{"taxonomy":"product_brand","embeddable":true,"href":"https:\/\/shop.tinesandreeds.com\/eng\/wp-json\/wp\/v2\/product_brand?post=1164"},{"taxonomy":"product_cat","embeddable":true,"href":"https:\/\/shop.tinesandreeds.com\/eng\/wp-json\/wp\/v2\/product_cat?post=1164"},{"taxonomy":"product_tag","embeddable":true,"href":"https:\/\/shop.tinesandreeds.com\/eng\/wp-json\/wp\/v2\/product_tag?post=1164"}],"curies":[{"name":"wp","href":"https:\/\/api.w.org\/{rel}","templated":true}]}}